{"id":1013,"date":"2026-02-09T14:43:27","date_gmt":"2026-02-09T13:43:27","guid":{"rendered":"https:\/\/arkadiuszbala.eu\/?page_id=1013"},"modified":"2026-02-09T16:22:54","modified_gmt":"2026-02-09T15:22:54","slug":"tryptyk-muzealny-z-krzeslem-wspolczesnym-i-portretami-w-tle","status":"publish","type":"page","link":"https:\/\/arkadiuszbala.eu\/?page_id=1013","title":{"rendered":"Tryptyk Muzealny (Museum Triptych)"},"content":{"rendered":"\n<p class=\"has-text-align-left\" style=\"font-size:38px;font-style:normal;font-weight:400\">Tryptyk Muzealny z Krzes\u0142em Wsp\u00f3\u0142czesnym i Portretami w Tle<\/p>\n\n\n\n<p class=\"has-text-align-left\" style=\"font-size:38px;font-style:normal;font-weight:100\">(Museum Triptych with Modern Chair and Portraits in the Background)<\/p>\n\n\n\n<div style=\"height:100px\" aria-hidden=\"true\" class=\"wp-block-spacer\"><\/div>\n\n\n\n<p class=\"has-medium-font-size\" style=\"font-style:normal;font-weight:800\">5 sierpnia 2025 (August 5, 2025) \u2013 Warszawa &#8211; Muzeum Sztuki Wsp\u00f3\u0142czesnej&nbsp;(Warsaw \u2013 Museum of Modern Art)<\/p>\n\n\n\n<div style=\"height:50px\" aria-hidden=\"true\" class=\"wp-block-spacer\"><\/div>\n\n\n\n<blockquote class=\"wp-block-quote is-layout-flow wp-block-quote-is-layout-flow\">\n<p style=\"font-size:24px;font-style:normal;font-weight:400\">&#8220;Krzes\u0142o to bardzo trudny obiekt. Ka\u017cdy, kto pr\u00f3bowa\u0142 je zaprojektowa\u0107, o tym wie. Istnieje niesko\u0144czona liczba mo\u017cliwo\u015bci i wiele ogranicze\u0144 \u2013 krzes\u0142o musi by\u0107 lekkie, mocne i wygodne. Prawie \u0142atwiej jest zbudowa\u0107 wie\u017cowiec ni\u017c krzes\u0142o.&#8221;<\/p>\n<\/blockquote>\n\n\n\n<blockquote class=\"wp-block-quote is-layout-flow wp-block-quote-is-layout-flow\">\n<p style=\"font-size:24px;font-style:normal;font-weight:100\">&#8220;A\u00a0chair is a very difficult object. Everyone who has ever tried to make one knows that. There are endless possibilities and many problems \u2014 the chair has to be light, it has to be strong, it has to be comfortable. It is almost easier to build a skyscraper than a chair.&#8221;<\/p>\n<\/blockquote>\n\n\n\n<div style=\"height:20px\" aria-hidden=\"true\" class=\"wp-block-spacer\"><\/div>\n\n\n\n<p class=\"has-text-align-right\" style=\"font-size:20px;font-style:normal;font-weight:100\"><em>Ludwig Mies van der Rohe<\/em><\/p>\n\n\n\n<div style=\"height:50px\" aria-hidden=\"true\" class=\"wp-block-spacer\"><\/div>\n\n\n\n<p class=\"has-text-align-right\" style=\"font-size:15px;font-style:normal;font-weight:400\"><em>Ludwig Mies van der Rohe<\/em> &#8211; jeden z najwa\u017cniejszych architekt\u00f3w modernizmu. By\u0142 pionierem architektury modernistycznej i ostatnim dyrektorem Bauhausu, znanym z d\u0105\u017cenia do skrajnego minimalizmu i precyzji konstrukcyjnej. Jego filozofia projektowa opiera\u0142a si\u0119 na s\u0142ynnych zasadach\u00a0<strong>\u201eless is more\u201d<\/strong>\u00a0(mniej znaczy wi\u0119cej) oraz\u00a0<strong>\u201eGod is in the details\u201d<\/strong>\u00a0(B\u00f3g tkwi w szczeg\u00f3\u0142ach), co znajdowa\u0142o odzwierciedlenie w szerokim wykorzystaniu stali i szk\u0142a.\u00a0<\/p>\n\n\n\n<p class=\"has-text-align-right\" style=\"font-size:15px;font-style:normal;font-weight:100\"><em>Ludwig Mies van der Rohe<\/em> &#8211;   One of the most important architects of Modernism. Ludwig Mies van der Rohe was a pioneer of modernist architecture and the last director of the Bauhaus, renowned for his pursuit of extreme minimalism and structural precision. His design philosophy was rooted in the famous principles&nbsp;<strong>&#8220;less is more&#8221;<\/strong>&nbsp;and&nbsp;<strong>&#8220;God is in the details,&#8221;<\/strong>&nbsp;which were reflected in his extensive use of steel and glass.&nbsp;<\/p>\n\n\n\n<div style=\"height:50px\" aria-hidden=\"true\" class=\"wp-block-spacer\"><\/div>\n\n\n\n<blockquote class=\"wp-block-quote is-layout-flow wp-block-quote-is-layout-flow\">\n<p style=\"font-size:24px;font-style:normal;font-weight:400\">&#8220;Nie ma czego\u015b takiego jak &#8216;z\u0142e krzes\u0142o&#8217;. S\u0105 tylko ludzie, kt\u00f3rzy nie potrafi\u0105 na nich siedzie\u0107.&#8221;<\/p>\n<\/blockquote>\n\n\n\n<blockquote class=\"wp-block-quote is-layout-flow wp-block-quote-is-layout-flow\">\n<p style=\"font-size:24px;font-style:normal;font-weight:100\">&#8220;There is no such thing as a &#8216;bad chair.&#8217; There are only people who don&#8217;t know how to sit on them.&#8221;<\/p>\n<\/blockquote>\n\n\n\n<div style=\"height:20px\" aria-hidden=\"true\" class=\"wp-block-spacer\"><\/div>\n\n\n\n<p class=\"has-text-align-right\" style=\"font-size:20px;font-style:normal;font-weight:100\"><em>Zdzis\u0142aw Beksi\u0144ski<\/em><\/p>\n\n\n\n<div style=\"height:50px\" aria-hidden=\"true\" class=\"wp-block-spacer\"><\/div>\n\n\n\n<p class=\"has-text-align-right\" style=\"font-size:15px;font-style:normal;font-weight:400\">Zdzis\u0142aw Beksi\u0144ski by\u0142 wybitnym polskim malarzem, rze\u017abiarzem i fotografem, kt\u00f3rego tw\u00f3rczo\u015b\u0107 ewoluowa\u0142a od surowej abstrakcji i fotografii awangardowej do mrocznego, wizyjnego realizmu. Cho\u0107 z wykszta\u0142cenia by\u0142 architektem, w swojej sztuce skupia\u0142 si\u0119 na eksplorowaniu pod\u015bwiadomo\u015bci, tworz\u0105c oniryczne krajobrazy pe\u0142ne precyzyjnie oddanych detali i monumentalnych konstrukcji.<\/p>\n\n\n\n<p class=\"has-text-align-right\" style=\"font-size:15px;font-style:normal;font-weight:100\">Zdzis\u0142aw Beksi\u0144ski was a prominent Polish painter, sculptor, and photographer whose work evolved from raw abstraction and avant-garde photography to dark, visionary realism. Although an architect by training, his art focused on exploring the subconscious, creating dreamlike landscapes filled with precisely rendered details and monumental structures.<\/p>\n\n\n\n<div style=\"height:50px\" aria-hidden=\"true\" class=\"wp-block-spacer\"><\/div>\n\n\n<div class=\"wp-block-image\">\n<figure class=\"alignleft size-full is-resized\"><img loading=\"lazy\" decoding=\"async\" width=\"1666\" height=\"2500\" src=\"https:\/\/arkadiuszbala.eu\/wp-content\/uploads\/2026\/02\/Tryptyk_krzeslo.jpg\" alt=\"\" class=\"wp-image-1014\" style=\"width:600px\" srcset=\"https:\/\/arkadiuszbala.eu\/wp-content\/uploads\/2026\/02\/Tryptyk_krzeslo.jpg 1666w, https:\/\/arkadiuszbala.eu\/wp-content\/uploads\/2026\/02\/Tryptyk_krzeslo-200x300.jpg 200w, https:\/\/arkadiuszbala.eu\/wp-content\/uploads\/2026\/02\/Tryptyk_krzeslo-682x1024.jpg 682w, https:\/\/arkadiuszbala.eu\/wp-content\/uploads\/2026\/02\/Tryptyk_krzeslo-768x1152.jpg 768w, https:\/\/arkadiuszbala.eu\/wp-content\/uploads\/2026\/02\/Tryptyk_krzeslo-1024x1536.jpg 1024w, https:\/\/arkadiuszbala.eu\/wp-content\/uploads\/2026\/02\/Tryptyk_krzeslo-1365x2048.jpg 1365w\" sizes=\"auto, (max-width: 1666px) 100vw, 1666px\" \/><\/figure>\n<\/div>\n\n\n<div style=\"height:100px\" aria-hidden=\"true\" class=\"wp-block-spacer\"><\/div>\n\n\n\n<figure class=\"wp-block-image size-full\"><img loading=\"lazy\" decoding=\"async\" width=\"2500\" height=\"1666\" src=\"https:\/\/arkadiuszbala.eu\/wp-content\/uploads\/2026\/02\/Tryptyk_krzeslo_01.jpg\" alt=\"\" class=\"wp-image-1017\" style=\"object-fit:cover\" srcset=\"https:\/\/arkadiuszbala.eu\/wp-content\/uploads\/2026\/02\/Tryptyk_krzeslo_01.jpg 2500w, https:\/\/arkadiuszbala.eu\/wp-content\/uploads\/2026\/02\/Tryptyk_krzeslo_01-300x200.jpg 300w, https:\/\/arkadiuszbala.eu\/wp-content\/uploads\/2026\/02\/Tryptyk_krzeslo_01-1024x682.jpg 1024w, https:\/\/arkadiuszbala.eu\/wp-content\/uploads\/2026\/02\/Tryptyk_krzeslo_01-768x512.jpg 768w, https:\/\/arkadiuszbala.eu\/wp-content\/uploads\/2026\/02\/Tryptyk_krzeslo_01-1536x1024.jpg 1536w, https:\/\/arkadiuszbala.eu\/wp-content\/uploads\/2026\/02\/Tryptyk_krzeslo_01-2048x1365.jpg 2048w\" sizes=\"auto, (max-width: 2500px) 100vw, 2500px\" \/><\/figure>\n\n\n\n<p class=\"has-text-align-center has-small-font-size\">Fuji X-T20&nbsp;&nbsp;&nbsp;<mark style=\"background-color:rgba(0, 0, 0, 0)\" class=\"has-inline-color has-vivid-red-color\">|<\/mark>&nbsp;&nbsp;&nbsp;Viltrox AF 56 mm f\/1.7 XF&nbsp;&nbsp;<mark style=\"background-color:rgba(0, 0, 0, 0)\" class=\"has-inline-color has-vivid-red-color\">|<\/mark>&nbsp;&nbsp;&nbsp;ISO 160<mark style=\"background-color:rgba(0, 0, 0, 0)\" class=\"has-inline-color has-vivid-red-color\">&nbsp;&nbsp;&nbsp;|<\/mark>&nbsp;&nbsp;&nbsp;t: 1\/180<mark style=\"background-color:rgba(0, 0, 0, 0)\" class=\"has-inline-color has-vivid-red-color\">&nbsp;&nbsp;&nbsp;|<\/mark>&nbsp;&nbsp;&nbsp;f: 1,7<\/p>\n\n\n\n<div style=\"height:50px\" aria-hidden=\"true\" class=\"wp-block-spacer\"><\/div>\n\n\n\n<figure class=\"wp-block-image size-full\"><img loading=\"lazy\" decoding=\"async\" width=\"2500\" height=\"1666\" src=\"https:\/\/arkadiuszbala.eu\/wp-content\/uploads\/2026\/02\/Tryptyk_krzeslo_02.jpg\" alt=\"\" class=\"wp-image-1020\" srcset=\"https:\/\/arkadiuszbala.eu\/wp-content\/uploads\/2026\/02\/Tryptyk_krzeslo_02.jpg 2500w, https:\/\/arkadiuszbala.eu\/wp-content\/uploads\/2026\/02\/Tryptyk_krzeslo_02-300x200.jpg 300w, https:\/\/arkadiuszbala.eu\/wp-content\/uploads\/2026\/02\/Tryptyk_krzeslo_02-1024x682.jpg 1024w, https:\/\/arkadiuszbala.eu\/wp-content\/uploads\/2026\/02\/Tryptyk_krzeslo_02-768x512.jpg 768w, https:\/\/arkadiuszbala.eu\/wp-content\/uploads\/2026\/02\/Tryptyk_krzeslo_02-1536x1024.jpg 1536w, https:\/\/arkadiuszbala.eu\/wp-content\/uploads\/2026\/02\/Tryptyk_krzeslo_02-2048x1365.jpg 2048w\" sizes=\"auto, (max-width: 2500px) 100vw, 2500px\" \/><\/figure>\n\n\n\n<p class=\"has-text-align-center has-small-font-size\">Fuji X-T20&nbsp;&nbsp;&nbsp;<mark style=\"background-color:rgba(0, 0, 0, 0)\" class=\"has-inline-color has-vivid-red-color\">|<\/mark>&nbsp;&nbsp;&nbsp;Viltrox AF 56 mm f\/1.7 XF&nbsp;&nbsp;&nbsp;<mark style=\"background-color:rgba(0, 0, 0, 0)\" class=\"has-inline-color has-vivid-red-color\">|<\/mark>&nbsp;&nbsp;&nbsp;ISO 160<mark style=\"background-color:rgba(0, 0, 0, 0)\" class=\"has-inline-color has-vivid-red-color\">&nbsp;&nbsp;&nbsp;|<\/mark>&nbsp;&nbsp;&nbsp;t: 1\/170<mark style=\"background-color:rgba(0, 0, 0, 0)\" class=\"has-inline-color has-vivid-red-color\">&nbsp;&nbsp;&nbsp;|<\/mark>&nbsp;&nbsp;&nbsp;f: 1,7<\/p>\n\n\n\n<div style=\"height:50px\" aria-hidden=\"true\" class=\"wp-block-spacer\"><\/div>\n\n\n<div class=\"wp-block-image\">\n<figure class=\"alignright size-full\"><img loading=\"lazy\" decoding=\"async\" width=\"2560\" height=\"1707\" src=\"https:\/\/arkadiuszbala.eu\/wp-content\/uploads\/2026\/02\/Tryptyk_krzeslo_03-scaled.jpg\" alt=\"\" class=\"wp-image-1021\" style=\"object-fit:cover\" srcset=\"https:\/\/arkadiuszbala.eu\/wp-content\/uploads\/2026\/02\/Tryptyk_krzeslo_03-scaled.jpg 2560w, https:\/\/arkadiuszbala.eu\/wp-content\/uploads\/2026\/02\/Tryptyk_krzeslo_03-300x200.jpg 300w, https:\/\/arkadiuszbala.eu\/wp-content\/uploads\/2026\/02\/Tryptyk_krzeslo_03-1024x683.jpg 1024w, https:\/\/arkadiuszbala.eu\/wp-content\/uploads\/2026\/02\/Tryptyk_krzeslo_03-768x512.jpg 768w, https:\/\/arkadiuszbala.eu\/wp-content\/uploads\/2026\/02\/Tryptyk_krzeslo_03-1536x1024.jpg 1536w, https:\/\/arkadiuszbala.eu\/wp-content\/uploads\/2026\/02\/Tryptyk_krzeslo_03-2048x1365.jpg 2048w\" sizes=\"auto, (max-width: 2560px) 100vw, 2560px\" \/><\/figure>\n<\/div>\n\n\n<div style=\"height:1px\" aria-hidden=\"true\" class=\"wp-block-spacer\"><\/div>\n\n\n\n<p class=\"has-text-align-center has-small-font-size\">Fuji X-T20&nbsp;&nbsp;&nbsp;<mark style=\"background-color:rgba(0, 0, 0, 0)\" class=\"has-inline-color has-vivid-red-color\">|<\/mark>&nbsp;&nbsp;&nbsp;Viltrox AF 56 mm f\/1.7 XF&nbsp;&nbsp;&nbsp;<mark style=\"background-color:rgba(0, 0, 0, 0)\" class=\"has-inline-color has-vivid-red-color\">|<\/mark>&nbsp;&nbsp;&nbsp;ISO 200<mark style=\"background-color:rgba(0, 0, 0, 0)\" class=\"has-inline-color has-vivid-red-color\">&nbsp;&nbsp;&nbsp;|<\/mark>&nbsp;&nbsp;&nbsp;t: 1\/170<mark style=\"background-color:rgba(0, 0, 0, 0)\" class=\"has-inline-color has-vivid-red-color\">&nbsp;&nbsp;&nbsp;|<\/mark>&nbsp;&nbsp;&nbsp;f: 1,7<\/p>\n\n\n\n<div style=\"height:100px\" aria-hidden=\"true\" class=\"wp-block-spacer\"><\/div>\n\n\n<div class=\"wp-block-image\">\n<figure class=\"alignright size-full is-resized\"><img loading=\"lazy\" decoding=\"async\" width=\"1666\" height=\"2500\" src=\"https:\/\/arkadiuszbala.eu\/wp-content\/uploads\/2026\/02\/Tryptyk_krzeslo.jpg\" alt=\"\" class=\"wp-image-1014\" style=\"width:600px\" srcset=\"https:\/\/arkadiuszbala.eu\/wp-content\/uploads\/2026\/02\/Tryptyk_krzeslo.jpg 1666w, https:\/\/arkadiuszbala.eu\/wp-content\/uploads\/2026\/02\/Tryptyk_krzeslo-200x300.jpg 200w, https:\/\/arkadiuszbala.eu\/wp-content\/uploads\/2026\/02\/Tryptyk_krzeslo-682x1024.jpg 682w, https:\/\/arkadiuszbala.eu\/wp-content\/uploads\/2026\/02\/Tryptyk_krzeslo-768x1152.jpg 768w, https:\/\/arkadiuszbala.eu\/wp-content\/uploads\/2026\/02\/Tryptyk_krzeslo-1024x1536.jpg 1024w, https:\/\/arkadiuszbala.eu\/wp-content\/uploads\/2026\/02\/Tryptyk_krzeslo-1365x2048.jpg 1365w\" sizes=\"auto, (max-width: 1666px) 100vw, 1666px\" \/><\/figure>\n<\/div>\n\n\n<p><\/p>\n","protected":false},"excerpt":{"rendered":"<p>Tryptyk Muzealny z Krzes\u0142em Wsp\u00f3\u0142czesnym i Portretami w Tle (Museum Triptych with Modern Chair and Portraits in the Background) 5 sierpnia 2025 (August 5, 2025) \u2013 Warszawa &#8211; Muzeum Sztuki Wsp\u00f3\u0142czesnej&nbsp;(Warsaw \u2013 Museum of Modern Art) &#8220;Krzes\u0142o to bardzo trudny obiekt. Ka\u017cdy, kto pr\u00f3bowa\u0142 je zaprojektowa\u0107, o tym wie. Istnieje niesko\u0144czona liczba mo\u017cliwo\u015bci i wiele<br \/><a class=\"moretag\" href=\"https:\/\/arkadiuszbala.eu\/?page_id=1013\">+ Read More<\/a><\/p>\n","protected":false},"author":1,"featured_media":1035,"parent":257,"menu_order":0,"comment_status":"closed","ping_status":"closed","template":"templates\/page-fullwidth_template.php","meta":{"footnotes":""},"class_list":["post-1013","page","type-page","status-publish","has-post-thumbnail","hentry"],"_links":{"self":[{"href":"https:\/\/arkadiuszbala.eu\/index.php?rest_route=\/wp\/v2\/pages\/1013","targetHints":{"allow":["GET"]}}],"collection":[{"href":"https:\/\/arkadiuszbala.eu\/index.php?rest_route=\/wp\/v2\/pages"}],"about":[{"href":"https:\/\/arkadiuszbala.eu\/index.php?rest_route=\/wp\/v2\/types\/page"}],"author":[{"embeddable":true,"href":"https:\/\/arkadiuszbala.eu\/index.php?rest_route=\/wp\/v2\/users\/1"}],"replies":[{"embeddable":true,"href":"https:\/\/arkadiuszbala.eu\/index.php?rest_route=%2Fwp%2Fv2%2Fcomments&post=1013"}],"version-history":[{"count":14,"href":"https:\/\/arkadiuszbala.eu\/index.php?rest_route=\/wp\/v2\/pages\/1013\/revisions"}],"predecessor-version":[{"id":1038,"href":"https:\/\/arkadiuszbala.eu\/index.php?rest_route=\/wp\/v2\/pages\/1013\/revisions\/1038"}],"up":[{"embeddable":true,"href":"https:\/\/arkadiuszbala.eu\/index.php?rest_route=\/wp\/v2\/pages\/257"}],"wp:featuredmedia":[{"embeddable":true,"href":"https:\/\/arkadiuszbala.eu\/index.php?rest_route=\/wp\/v2\/media\/1035"}],"wp:attachment":[{"href":"https:\/\/arkadiuszbala.eu\/index.php?rest_route=%2Fwp%2Fv2%2Fmedia&parent=1013"}],"curies":[{"name":"wp","href":"https:\/\/api.w.org\/{rel}","templated":true}]}}