{"id":2,"date":"2025-04-24T22:27:51","date_gmt":"2025-04-24T20:27:51","guid":{"rendered":"https:\/\/arkadiuszbala.eu\/?page_id=2"},"modified":"2025-09-29T20:58:18","modified_gmt":"2025-09-29T18:58:18","slug":"home","status":"publish","type":"page","link":"https:\/\/arkadiuszbala.eu\/","title":{"rendered":"HOME"},"content":{"rendered":"\n<p style=\"font-size:38px;font-style:normal;font-weight:400\">O mnie<\/p>\n\n\n\n<p style=\"font-size:38px;font-style:normal;font-weight:100\">About Me<\/p>\n\n\n\n<div style=\"height:100px\" aria-hidden=\"true\" class=\"wp-block-spacer\"><\/div>\n\n\n\n<blockquote class=\"wp-block-quote is-layout-flow wp-block-quote-is-layout-flow\">\n<p style=\"font-size:24px;font-style:normal;font-weight:400\">\u201cFotografuj tylko to, co ci si\u0119 podoba albo Ci\u0119 interesuje. Ale zwa\u017c, \u017ce Van Gogh potrafi\u0142 wzi\u0105\u0107 za temat obrazu stare buciki i stworzy\u0107 arcydzie\u0142o\u201d<\/p>\n<\/blockquote>\n\n\n\n<blockquote class=\"wp-block-quote is-layout-flow wp-block-quote-is-layout-flow\">\n<p style=\"font-size:24px;font-style:normal;font-weight:100\">\u201cOnly photograph what you like or are interested in. But consider that Van Gogh was able to take old shoes and create a masterpiece.\u201d<\/p>\n<\/blockquote>\n\n\n\n<div style=\"height:20px\" aria-hidden=\"true\" class=\"wp-block-spacer\"><\/div>\n\n\n\n<p class=\"has-text-align-right\" style=\"font-size:20px;font-style:normal;font-weight:100\"><em>Jan Sunerland<\/em><\/p>\n\n\n\n<div style=\"height:50px\" aria-hidden=\"true\" class=\"wp-block-spacer\"><\/div>\n\n\n\n<p class=\"has-text-align-right\" style=\"font-size:15px;font-style:normal;font-weight:400\">Jan Sunerland &#8211; polski prawnik, artysta fotografik, artysta plastyk, krytyk i teoretyk sztuki. Cz\u0142onek rzeczywisty Fotoklubu Polskiego. Cz\u0142onek Fotoklubu Warszawskiego. Wsp\u00f3\u0142za\u0142o\u017cyciel Zwi\u0105zku Polskich Artyst\u00f3w Fotografik\u00f3w, posiadacz najwy\u017cszego, mi\u0119dzynarodowego tytu\u0142u w fotografii artystycznej: Honoraire Excellence FIAP (HonEFIAP). Autor ksi\u0105\u017cek z dziedziny fotografii.<\/p>\n\n\n\n<p class=\"has-text-align-right\" style=\"font-size:15px;font-style:normal;font-weight:100\">Jan Sunerland &#8211; Polish lawyer, artist photographer, visual artist, art critic and theoretician. Full member of the Polish Photo Club. Member of the Warsaw Photo Club. Co-founder of the Association of Polish Art Photographers, holder of the highest international title in artistic photography: Honoraire Excellence FIAP (HonEFIAP). Author of books on photography.&nbsp;<\/p>\n\n\n\n<div style=\"height:100px\" aria-hidden=\"true\" class=\"wp-block-spacer\"><\/div>\n\n\n\n<p style=\"font-size:24px;font-style:normal;font-weight:400\">Ci\u0105gle poszukuj\u0119, ale staram si\u0119 aby s\u0142owa Jana Sunderlanda stanowi\u0142y motto do tego co robi\u0119. Od 2003 roku jestem zwi\u0105zany z&nbsp;<a href=\"http:\/\/www.stf.katowice.pl\/\" target=\"_blank\" rel=\"noreferrer noopener\"><mark style=\"background-color:rgba(0, 0, 0, 0)\" class=\"has-inline-color has-cyan-bluish-gray-color\">\u015al\u0105skim Towarzystwem Fotograficznym<\/mark><\/a>. Fotografia jest dla mnie wehiku\u0142em czasu, kt\u00f3ry potrafi przenosi\u0107 w inny czas i w inne miejsca \u2013 takie, kt\u00f3re mnie interesuj\u0105 b\u0105d\u017a mi si\u0119 podobaj\u0105\u2026<\/p>\n\n\n\n<div style=\"height:20px\" aria-hidden=\"true\" class=\"wp-block-spacer\"><\/div>\n\n\n\n<p class=\"has-text-align-left\" style=\"font-size:24px;font-style:normal;font-weight:100\">I\u2019m still searching, but I\u2019m trying to make Jan Sunderland\u2019s words the motto for what I do. Since 2003 I have been associated with the&nbsp;<a href=\"https:\/\/www.stf.katowice.pl\/\" target=\"_blank\" rel=\"noreferrer noopener\"><mark style=\"background-color:rgba(0, 0, 0, 0)\" class=\"has-inline-color has-cyan-bluish-gray-color\">Silesian Photographic Society<\/mark><\/a>. For me, photography is a time machine that can move to other times and places \u2013 the ones I am interested in or like\u2026<\/p>\n\n\n\n<div style=\"height:50px\" aria-hidden=\"true\" class=\"wp-block-spacer\"><\/div>\n\n\n<div class=\"wp-block-image\">\n<figure class=\"aligncenter size-full\"><img loading=\"lazy\" decoding=\"async\" width=\"2500\" height=\"1875\" src=\"https:\/\/arkadiuszbala.eu\/wp-content\/uploads\/2025\/04\/Ja_JWolny.jpg\" alt=\"\" class=\"wp-image-240\" srcset=\"https:\/\/arkadiuszbala.eu\/wp-content\/uploads\/2025\/04\/Ja_JWolny.jpg 2500w, https:\/\/arkadiuszbala.eu\/wp-content\/uploads\/2025\/04\/Ja_JWolny-300x225.jpg 300w, https:\/\/arkadiuszbala.eu\/wp-content\/uploads\/2025\/04\/Ja_JWolny-1024x768.jpg 1024w, https:\/\/arkadiuszbala.eu\/wp-content\/uploads\/2025\/04\/Ja_JWolny-768x576.jpg 768w, https:\/\/arkadiuszbala.eu\/wp-content\/uploads\/2025\/04\/Ja_JWolny-1536x1152.jpg 1536w, https:\/\/arkadiuszbala.eu\/wp-content\/uploads\/2025\/04\/Ja_JWolny-2048x1536.jpg 2048w\" sizes=\"auto, (max-width: 2500px) 100vw, 2500px\" \/><\/figure>\n<\/div>\n\n\n<div style=\"height:50px\" aria-hidden=\"true\" class=\"wp-block-spacer\"><\/div>\n\n\n\n<p style=\"font-size:24px;font-style:normal;font-weight:400\">Dzisiaj moim podstawowym i ulubionym sprz\u0119tem jest bezlusterkowy system Fuji cho\u0107 czasami jeszcze si\u0119gam po r\u00f3wnie ulubionego i&nbsp;ci\u0119\u017ckiego Pentaxa K5\u2026 Jednak rzadko, bo fotografowanie aparatami bezlusterkowymi z wymienn\u0105 optyk\u0105 jest du\u017co przyjemniejsze.<\/p>\n\n\n\n<div style=\"height:20px\" aria-hidden=\"true\" class=\"wp-block-spacer\"><\/div>\n\n\n\n<p class=\"has-text-align-left\" style=\"font-size:24px;font-style:normal;font-weight:100\">Today my basic and favorite equipment is the mirrorless Fuji system, although sometimes I still use my favorite and heavy Pentax K5\u2026 But rarely, because shooting with mirrorless cameras with interchangeable optics is much more enjoyable.<\/p>\n\n\n\n<div style=\"height:50px\" aria-hidden=\"true\" class=\"wp-block-spacer\"><\/div>\n\n\n\n<p style=\"font-size:24px;font-style:normal;font-weight:400\">Wracam te\u017c po wielu latach do fotografii analogowej. Dzisiaj mo\u017cna bowiem spe\u0142ni\u0107 marzenia jakie moje pokolenie mia\u0142o w wieku m\u0142odzie\u0144czym &#8211; o porz\u0105dnym, markowym aparacie fotograficznym. Je\u015bli komu\u015b uada\u0142o si\u0119 zdoby\u0107 radzieckiego Zenitha to by\u0142 szcz\u0119\u015bciarzem a co dopiero niemieck\u0105 Praktic\u0119 nie m\u00f3wi\u0105c o takich cudach jak Nikony, Canony czy Pentax. Dzisiaj Spotmatic&#8217;a F w dobrym stanie mo\u017cna kupi\u0107 za niewielkie pieni\u0105dze. Zatem odkrywam poniek\u0105d na nowo magi\u0119 fotografii na \u015bwiat\u0142oczu\u0142ych materia\u0142ach analogowych.<\/p>\n\n\n\n<div style=\"height:20px\" aria-hidden=\"true\" class=\"wp-block-spacer\"><\/div>\n\n\n\n<p style=\"font-size:24px;font-style:normal;font-weight:100\">I am also returning to analog photography after many years. After all, today it is possible to fulfill the dreams that my generation had in their youth &#8211; about a decent, brand-name camera. If someone managed to get a Soviet Zenith he was a lucky man, let alone a German Praktica, not to mention such wonders as Nikons, Canons or Pentax. Today a Spotmatic F in good condition can be bought for little money. So, in a way, I am rediscovering the magic of photography on light-sensitive analog materials.<\/p>\n\n\n\n<div style=\"height:50px\" aria-hidden=\"true\" class=\"wp-block-spacer\"><\/div>\n\n\n\n<hr class=\"wp-block-separator has-alpha-channel-opacity is-style-dots\"\/>\n\n\n\n<div style=\"height:50px\" aria-hidden=\"true\" class=\"wp-block-spacer\"><\/div>\n\n\n\n<p><\/p>\n","protected":false},"excerpt":{"rendered":"<p>O mnie About Me \u201cFotografuj tylko to, co ci si\u0119 podoba albo Ci\u0119 interesuje. Ale zwa\u017c, \u017ce Van Gogh potrafi\u0142 wzi\u0105\u0107 za temat obrazu stare buciki i stworzy\u0107 arcydzie\u0142o\u201d \u201cOnly photograph what you like or are interested in. But consider that Van Gogh was able to take old shoes and create a masterpiece.\u201d Jan Sunerland<br \/><a class=\"moretag\" href=\"https:\/\/arkadiuszbala.eu\/\">+ Read More<\/a><\/p>\n","protected":false},"author":1,"featured_media":0,"parent":0,"menu_order":0,"comment_status":"closed","ping_status":"closed","template":"templates\/page-fullwidth_template.php","meta":{"footnotes":""},"class_list":["post-2","page","type-page","status-publish","hentry"],"_links":{"self":[{"href":"https:\/\/arkadiuszbala.eu\/index.php?rest_route=\/wp\/v2\/pages\/2","targetHints":{"allow":["GET"]}}],"collection":[{"href":"https:\/\/arkadiuszbala.eu\/index.php?rest_route=\/wp\/v2\/pages"}],"about":[{"href":"https:\/\/arkadiuszbala.eu\/index.php?rest_route=\/wp\/v2\/types\/page"}],"author":[{"embeddable":true,"href":"https:\/\/arkadiuszbala.eu\/index.php?rest_route=\/wp\/v2\/users\/1"}],"replies":[{"embeddable":true,"href":"https:\/\/arkadiuszbala.eu\/index.php?rest_route=%2Fwp%2Fv2%2Fcomments&post=2"}],"version-history":[{"count":46,"href":"https:\/\/arkadiuszbala.eu\/index.php?rest_route=\/wp\/v2\/pages\/2\/revisions"}],"predecessor-version":[{"id":649,"href":"https:\/\/arkadiuszbala.eu\/index.php?rest_route=\/wp\/v2\/pages\/2\/revisions\/649"}],"wp:attachment":[{"href":"https:\/\/arkadiuszbala.eu\/index.php?rest_route=%2Fwp%2Fv2%2Fmedia&parent=2"}],"curies":[{"name":"wp","href":"https:\/\/api.w.org\/{rel}","templated":true}]}}